{"id":30211,"date":"2025-04-07T19:50:56","date_gmt":"2025-04-07T19:50:56","guid":{"rendered":"https:\/\/biblioteca.ikiam.edu.ec\/?page_id=30211"},"modified":"2025-04-07T21:03:23","modified_gmt":"2025-04-07T21:03:23","slug":"calendario-de-sustentacion","status":"publish","type":"page","link":"https:\/\/biblioteca.ikiam.edu.ec\/index.php\/calendario-de-sustentacion\/","title":{"rendered":"CALENDARIO DE SUSTENTACI\u00d3N"},"content":{"rendered":"\t\t<div data-elementor-type=\"wp-page\" data-elementor-id=\"30211\" class=\"elementor elementor-30211\" data-elementor-settings=\"[]\">\n\t\t\t\t\t\t\t<div class=\"elementor-section-wrap\">\n\t\t\t\t\t\t\t<section class=\"elementor-section elementor-top-section elementor-element elementor-element-b77c2a9 elementor-section-boxed elementor-section-height-default elementor-section-height-default\" data-id=\"b77c2a9\" data-element_type=\"section\">\n\t\t\t\t\t\t<div class=\"elementor-container elementor-column-gap-default\">\n\t\t\t\t\t<div class=\"elementor-column elementor-col-100 elementor-top-column elementor-element elementor-element-1b2a69f\" data-id=\"1b2a69f\" data-element_type=\"column\">\n\t\t\t<div class=\"elementor-widget-wrap elementor-element-populated\">\n\t\t\t\t\t\t\t\t<div class=\"elementor-element elementor-element-8df7e20 elementor-widget elementor-widget-heading\" data-id=\"8df7e20\" data-element_type=\"widget\" data-widget_type=\"heading.default\">\n\t\t\t\t<div class=\"elementor-widget-container\">\n\t\t\t<style>\/*! elementor - v3.5.6 - 28-02-2022 *\/\n.elementor-heading-title{padding:0;margin:0;line-height:1}.elementor-widget-heading .elementor-heading-title[class*=elementor-size-]>a{color:inherit;font-size:inherit;line-height:inherit}.elementor-widget-heading .elementor-heading-title.elementor-size-small{font-size:15px}.elementor-widget-heading .elementor-heading-title.elementor-size-medium{font-size:19px}.elementor-widget-heading .elementor-heading-title.elementor-size-large{font-size:29px}.elementor-widget-heading .elementor-heading-title.elementor-size-xl{font-size:39px}.elementor-widget-heading .elementor-heading-title.elementor-size-xxl{font-size:59px}<\/style><h2 class=\"elementor-heading-title elementor-size-default\">\t\t<div data-elementor-type=\"page\" data-elementor-id=\"30213\" class=\"elementor elementor-30213\" data-elementor-settings=\"[]\">\n\t\t\t\t\t\t\t<div class=\"elementor-section-wrap\">\n\t\t\t\t\t\t\t<section class=\"elementor-section elementor-top-section elementor-element elementor-element-fc3f393 elementor-section-full_width elementor-section-height-default elementor-section-height-default\" data-id=\"fc3f393\" data-element_type=\"section\">\n\t\t\t\t\t\t<div class=\"elementor-container elementor-column-gap-default\">\n\t\t\t\t\t<div class=\"elementor-column elementor-col-100 elementor-top-column elementor-element elementor-element-d82d39d\" data-id=\"d82d39d\" data-element_type=\"column\">\n\t\t\t<div class=\"elementor-widget-wrap elementor-element-populated\">\n\t\t\t\t\t\t\t\t<div class=\"elementor-element elementor-element-bc513f1 elementor-widget elementor-widget-spacer\" data-id=\"bc513f1\" data-element_type=\"widget\" data-widget_type=\"spacer.default\">\n\t\t\t\t<div class=\"elementor-widget-container\">\n\t\t\t\t\t<div class=\"elementor-spacer\">\n\t\t\t<div class=\"elementor-spacer-inner\"><\/div>\n\t\t<\/div>\n\t\t\t\t<\/div>\n\t\t\t\t<\/div>\n\t\t\t\t<div class=\"elementor-element elementor-element-a8f8551 elementor-widget elementor-widget-widgetkit-for-elementor-portfolio\" data-id=\"a8f8551\" data-element_type=\"widget\" data-widget_type=\"widgetkit-for-elementor-portfolio.default\">\n\t\t\t\t<div class=\"elementor-widget-container\">\n\t\t\t\n    <div class=\"tgx-portfolio\">\n    \n        \n                           <div class=\"hover-4\">\n                        <div class=\"row\">\n\n                                                                    <div class=\"col-md-4 col-sm-6 mix mix-a8f8551 portfolio-item -a8f8551 \">\n\n\n                            \n\n                            <div class=\"overlay overlay-hover\">\n                                <div class=\"overlay-spin\" >\n                                                                            <img src=\"https:\/\/biblioteca.ikiam.edu.ec\/wp-content\/uploads\/2025\/04\/Banner-facultades-VJCE-2025-FCSA-1.jpg\" alt=\"Ciencias Socio Ambientales\">\n                                                                                                 \n                                <\/div><!-- .overlay-spin -->\n                                <div class=\"portfolio-content text-left demo_link\">\n                                                                                                                        <a class=\"icon-search\" href=\"https:\/\/biblioteca.ikiam.edu.ec\/wp-content\/uploads\/2026\/03\/CALENDARIO-DE-SUSTENTACIONES-FCSA-2PA2025-copia.pdf\">\n                                                   \n                                                    <h4 class=\"title\">\n                                                        Ciencias Socio Ambientales \n                                                    <\/h4>\n                                                                                            <\/a>\n                                                                                                            <\/div> <!-- \/.portfolio-btn -->                      \n                            <\/div><!-- \/.effcet 4 overlay -->\n\n\n                                            <\/div> <!-- \/.col-md-->\n                                                                <div class=\"col-md-4 col-sm-6 mix mix-a8f8551 portfolio-item -a8f8551 \">\n\n\n                            \n\n                            <div class=\"overlay overlay-hover\">\n                                <div class=\"overlay-spin\" >\n                                                                            <img src=\"https:\/\/biblioteca.ikiam.edu.ec\/wp-content\/uploads\/2025\/04\/Banner-facultades-VJCE-2025-FCTA-1.jpg\" alt=\"Ciencias de la Tierra y Agua\">\n                                                                                                 \n                                <\/div><!-- .overlay-spin -->\n                                <div class=\"portfolio-content text-left demo_link\">\n                                                                                                                        <a class=\"icon-search\" href=\"https:\/\/biblioteca.ikiam.edu.ec\/wp-content\/uploads\/2026\/03\/CALENDARIO-DE-SUSTENTACIONES-FCTA-2PA2025-1.pdf\">\n                                                   \n                                                    <h4 class=\"title\">\n                                                        Ciencias de la Tierra y Agua \n                                                    <\/h4>\n                                                                                            <\/a>\n                                                                                                            <\/div> <!-- \/.portfolio-btn -->                      \n                            <\/div><!-- \/.effcet 4 overlay -->\n\n\n                                            <\/div> <!-- \/.col-md-->\n                                                                <div class=\"col-md-4 col-sm-6 mix mix-a8f8551 portfolio-item -a8f8551 \">\n\n\n                            \n\n                            <div class=\"overlay overlay-hover\">\n                                <div class=\"overlay-spin\" >\n                                                                            <img src=\"https:\/\/biblioteca.ikiam.edu.ec\/wp-content\/uploads\/2025\/04\/Banner-facultades-VJCE-2025-FCV-1.jpg\" alt=\"Ciencias de la Vida\">\n                                                                                                 \n                                <\/div><!-- .overlay-spin -->\n                                <div class=\"portfolio-content text-left demo_link\">\n                                                                                                                        <a class=\"icon-search\" href=\"https:\/\/biblioteca.ikiam.edu.ec\/wp-content\/uploads\/2026\/03\/CALENDARIO-DE-SUSTENTACIONES-FCV-2PA2025-2-1.pdf\">\n                                                   \n                                                    <h4 class=\"title\">\n                                                        Ciencias de la Vida \n                                                    <\/h4>\n                                                                                            <\/a>\n                                                                                                            <\/div> <!-- \/.portfolio-btn -->                      \n                            <\/div><!-- \/.effcet 4 overlay -->\n\n\n                                            <\/div> <!-- \/.col-md-->\n                            <\/div><!-- \/.row -->  \n        <\/div><!-- \/.hover-effect -->\n    <\/div> <!-- \/.tgx-portfolio -->\n\n    <script type=\"text\/javascript\">\n          jQuery(function($){\n              if(!$('body').hasClass('wk-portfolio')){\n                  $('body').addClass('wk-portfolio');\n              }\n          });\n\n    <\/script>\t\t<\/div>\n\t\t\t\t<\/div>\n\t\t\t\t\t<\/div>\n\t\t<\/div>\n\t\t\t\t\t\t\t<\/div>\n\t\t<\/section>\n\t\t\t\t\t\t<\/div>\n\t\t\t\t\t<\/div>\n\t\t<\/h2>\t\t<\/div>\n\t\t\t\t<\/div>\n\t\t\t\t\t<\/div>\n\t\t<\/div>\n\t\t\t\t\t\t\t<\/div>\n\t\t<\/section>\n\t\t\t\t\t\t<\/div>\n\t\t\t\t\t<\/div>\n\t\t","protected":false},"excerpt":{"rendered":"","protected":false},"author":20,"featured_media":0,"parent":0,"menu_order":0,"comment_status":"closed","ping_status":"closed","template":"elementor_header_footer","meta":[],"yoast_head":"<!-- This site is optimized with the Yoast SEO plugin v18.8 - https:\/\/yoast.com\/wordpress\/plugins\/seo\/ -->\n<title>CALENDARIO DE SUSTENTACI\u00d3N - CENTRO DE SERVICIOS BIBLIOTECARIOS UNIVERSIDAD REGIONAL AMAZ\u00d3NICA IKIAM<\/title>\n<meta name=\"description\" content=\"X CONGRESO INTERNACIONAL DE INVESTIGACI\u00d3N DE LA RED ECUATORIANA DEUNIVERSIDADES Y ESCUELAS POLIT\u00c9CNICAS PARA INVESTIGACI\u00d3N Y POSGRADO.\" \/>\n<meta name=\"robots\" content=\"index, follow, max-snippet:-1, max-image-preview:large, max-video-preview:-1\" \/>\n<link rel=\"canonical\" href=\"https:\/\/biblioteca.ikiam.edu.ec\/index.php\/calendario-de-sustentacion\/\" \/>\n<meta property=\"og:locale\" content=\"es_ES\" \/>\n<meta property=\"og:type\" content=\"article\" \/>\n<meta property=\"og:title\" content=\"CALENDARIO DE SUSTENTACI\u00d3N - CENTRO DE SERVICIOS BIBLIOTECARIOS UNIVERSIDAD REGIONAL AMAZ\u00d3NICA IKIAM\" \/>\n<meta property=\"og:description\" content=\"X CONGRESO INTERNACIONAL DE INVESTIGACI\u00d3N DE LA RED ECUATORIANA DEUNIVERSIDADES Y ESCUELAS POLIT\u00c9CNICAS PARA INVESTIGACI\u00d3N Y POSGRADO.\" \/>\n<meta property=\"og:url\" content=\"https:\/\/biblioteca.ikiam.edu.ec\/index.php\/calendario-de-sustentacion\/\" \/>\n<meta property=\"og:site_name\" content=\"CENTRO DE SERVICIOS BIBLIOTECARIOS UNIVERSIDAD REGIONAL AMAZ\u00d3NICA IKIAM\" \/>\n<meta property=\"article:publisher\" content=\"https:\/\/www.facebook.com\/IkiamOficial\/\" \/>\n<meta property=\"article:modified_time\" content=\"2025-04-07T21:03:23+00:00\" \/>\n<meta name=\"twitter:card\" content=\"summary_large_image\" \/>\n<meta name=\"twitter:site\" content=\"@u_ikiam\" \/>\n<meta name=\"twitter:label1\" content=\"Tiempo de lectura\" \/>\n\t<meta name=\"twitter:data1\" content=\"1 minuto\" \/>\n<script type=\"application\/ld+json\" class=\"yoast-schema-graph\">{\"@context\":\"https:\/\/schema.org\",\"@graph\":[{\"@type\":\"Organization\",\"@id\":\"https:\/\/biblioteca.ikiam.edu.ec\/#organization\",\"name\":\"Universidad Regional Amaz\u00f3nica Ikiam\",\"url\":\"https:\/\/biblioteca.ikiam.edu.ec\/\",\"sameAs\":[\"https:\/\/www.facebook.com\/IkiamOficial\/\",\"https:\/\/www.instagram.com\/u_ikiam\/\",\"https:\/\/www.youtube.com\/channel\/UCOnWPlWTfhNG6gjtN6anDtQ\",\"https:\/\/twitter.com\/u_ikiam\"],\"logo\":{\"@type\":\"ImageObject\",\"inLanguage\":\"es\",\"@id\":\"https:\/\/biblioteca.ikiam.edu.ec\/#\/schema\/logo\/image\/\",\"url\":\"https:\/\/web.ikiam.edu.ec\/wp-content\/uploads\/2021\/12\/logo-ikiam2.png\",\"contentUrl\":\"https:\/\/web.ikiam.edu.ec\/wp-content\/uploads\/2021\/12\/logo-ikiam2.png\",\"width\":300,\"height\":130,\"caption\":\"Universidad Regional Amaz\u00f3nica Ikiam\"},\"image\":{\"@id\":\"https:\/\/biblioteca.ikiam.edu.ec\/#\/schema\/logo\/image\/\"}},{\"@type\":\"WebSite\",\"@id\":\"https:\/\/biblioteca.ikiam.edu.ec\/#website\",\"url\":\"https:\/\/biblioteca.ikiam.edu.ec\/\",\"name\":\"CENTRO DE SERVICIOS BIBLIOTECARIOS UNIVERSIDAD REGIONAL AMAZ\u00d3NICA IKIAM\",\"description\":\"\",\"publisher\":{\"@id\":\"https:\/\/biblioteca.ikiam.edu.ec\/#organization\"},\"potentialAction\":[{\"@type\":\"SearchAction\",\"target\":{\"@type\":\"EntryPoint\",\"urlTemplate\":\"https:\/\/biblioteca.ikiam.edu.ec\/?s={search_term_string}\"},\"query-input\":\"required name=search_term_string\"}],\"inLanguage\":\"es\"},{\"@type\":\"WebPage\",\"@id\":\"https:\/\/biblioteca.ikiam.edu.ec\/index.php\/calendario-de-sustentacion\/#webpage\",\"url\":\"https:\/\/biblioteca.ikiam.edu.ec\/index.php\/calendario-de-sustentacion\/\",\"name\":\"CALENDARIO DE SUSTENTACI\u00d3N - CENTRO DE SERVICIOS BIBLIOTECARIOS UNIVERSIDAD REGIONAL AMAZ\u00d3NICA IKIAM\",\"isPartOf\":{\"@id\":\"https:\/\/biblioteca.ikiam.edu.ec\/#website\"},\"datePublished\":\"2025-04-07T19:50:56+00:00\",\"dateModified\":\"2025-04-07T21:03:23+00:00\",\"description\":\"X CONGRESO INTERNACIONAL DE INVESTIGACI\u00d3N DE LA RED ECUATORIANA DEUNIVERSIDADES Y ESCUELAS POLIT\u00c9CNICAS PARA INVESTIGACI\u00d3N Y POSGRADO.\",\"breadcrumb\":{\"@id\":\"https:\/\/biblioteca.ikiam.edu.ec\/index.php\/calendario-de-sustentacion\/#breadcrumb\"},\"inLanguage\":\"es\",\"potentialAction\":[{\"@type\":\"ReadAction\",\"target\":[\"https:\/\/biblioteca.ikiam.edu.ec\/index.php\/calendario-de-sustentacion\/\"]}]},{\"@type\":\"BreadcrumbList\",\"@id\":\"https:\/\/biblioteca.ikiam.edu.ec\/index.php\/calendario-de-sustentacion\/#breadcrumb\",\"itemListElement\":[{\"@type\":\"ListItem\",\"position\":1,\"name\":\"Biblioteca\",\"item\":\"https:\/\/biblioteca.ikiam.edu.ec\/\"},{\"@type\":\"ListItem\",\"position\":2,\"name\":\"CALENDARIO DE SUSTENTACI\u00d3N\"}]}]}<\/script>\n<!-- \/ Yoast SEO plugin. -->","yoast_head_json":{"title":"CALENDARIO DE SUSTENTACI\u00d3N - CENTRO DE SERVICIOS BIBLIOTECARIOS UNIVERSIDAD REGIONAL AMAZ\u00d3NICA IKIAM","description":"X CONGRESO INTERNACIONAL DE INVESTIGACI\u00d3N DE LA RED ECUATORIANA DEUNIVERSIDADES Y ESCUELAS POLIT\u00c9CNICAS PARA INVESTIGACI\u00d3N Y POSGRADO.","robots":{"index":"index","follow":"follow","max-snippet":"max-snippet:-1","max-image-preview":"max-image-preview:large","max-video-preview":"max-video-preview:-1"},"canonical":"https:\/\/biblioteca.ikiam.edu.ec\/index.php\/calendario-de-sustentacion\/","og_locale":"es_ES","og_type":"article","og_title":"CALENDARIO DE SUSTENTACI\u00d3N - CENTRO DE SERVICIOS BIBLIOTECARIOS UNIVERSIDAD REGIONAL AMAZ\u00d3NICA IKIAM","og_description":"X CONGRESO INTERNACIONAL DE INVESTIGACI\u00d3N DE LA RED ECUATORIANA DEUNIVERSIDADES Y ESCUELAS POLIT\u00c9CNICAS PARA INVESTIGACI\u00d3N Y POSGRADO.","og_url":"https:\/\/biblioteca.ikiam.edu.ec\/index.php\/calendario-de-sustentacion\/","og_site_name":"CENTRO DE SERVICIOS BIBLIOTECARIOS UNIVERSIDAD REGIONAL AMAZ\u00d3NICA IKIAM","article_publisher":"https:\/\/www.facebook.com\/IkiamOficial\/","article_modified_time":"2025-04-07T21:03:23+00:00","twitter_card":"summary_large_image","twitter_site":"@u_ikiam","twitter_misc":{"Tiempo de lectura":"1 minuto"},"schema":{"@context":"https:\/\/schema.org","@graph":[{"@type":"Organization","@id":"https:\/\/biblioteca.ikiam.edu.ec\/#organization","name":"Universidad Regional Amaz\u00f3nica Ikiam","url":"https:\/\/biblioteca.ikiam.edu.ec\/","sameAs":["https:\/\/www.facebook.com\/IkiamOficial\/","https:\/\/www.instagram.com\/u_ikiam\/","https:\/\/www.youtube.com\/channel\/UCOnWPlWTfhNG6gjtN6anDtQ","https:\/\/twitter.com\/u_ikiam"],"logo":{"@type":"ImageObject","inLanguage":"es","@id":"https:\/\/biblioteca.ikiam.edu.ec\/#\/schema\/logo\/image\/","url":"https:\/\/web.ikiam.edu.ec\/wp-content\/uploads\/2021\/12\/logo-ikiam2.png","contentUrl":"https:\/\/web.ikiam.edu.ec\/wp-content\/uploads\/2021\/12\/logo-ikiam2.png","width":300,"height":130,"caption":"Universidad Regional Amaz\u00f3nica Ikiam"},"image":{"@id":"https:\/\/biblioteca.ikiam.edu.ec\/#\/schema\/logo\/image\/"}},{"@type":"WebSite","@id":"https:\/\/biblioteca.ikiam.edu.ec\/#website","url":"https:\/\/biblioteca.ikiam.edu.ec\/","name":"CENTRO DE SERVICIOS BIBLIOTECARIOS UNIVERSIDAD REGIONAL AMAZ\u00d3NICA IKIAM","description":"","publisher":{"@id":"https:\/\/biblioteca.ikiam.edu.ec\/#organization"},"potentialAction":[{"@type":"SearchAction","target":{"@type":"EntryPoint","urlTemplate":"https:\/\/biblioteca.ikiam.edu.ec\/?s={search_term_string}"},"query-input":"required name=search_term_string"}],"inLanguage":"es"},{"@type":"WebPage","@id":"https:\/\/biblioteca.ikiam.edu.ec\/index.php\/calendario-de-sustentacion\/#webpage","url":"https:\/\/biblioteca.ikiam.edu.ec\/index.php\/calendario-de-sustentacion\/","name":"CALENDARIO DE SUSTENTACI\u00d3N - CENTRO DE SERVICIOS BIBLIOTECARIOS UNIVERSIDAD REGIONAL AMAZ\u00d3NICA IKIAM","isPartOf":{"@id":"https:\/\/biblioteca.ikiam.edu.ec\/#website"},"datePublished":"2025-04-07T19:50:56+00:00","dateModified":"2025-04-07T21:03:23+00:00","description":"X CONGRESO INTERNACIONAL DE INVESTIGACI\u00d3N DE LA RED ECUATORIANA DEUNIVERSIDADES Y ESCUELAS POLIT\u00c9CNICAS PARA INVESTIGACI\u00d3N Y POSGRADO.","breadcrumb":{"@id":"https:\/\/biblioteca.ikiam.edu.ec\/index.php\/calendario-de-sustentacion\/#breadcrumb"},"inLanguage":"es","potentialAction":[{"@type":"ReadAction","target":["https:\/\/biblioteca.ikiam.edu.ec\/index.php\/calendario-de-sustentacion\/"]}]},{"@type":"BreadcrumbList","@id":"https:\/\/biblioteca.ikiam.edu.ec\/index.php\/calendario-de-sustentacion\/#breadcrumb","itemListElement":[{"@type":"ListItem","position":1,"name":"Biblioteca","item":"https:\/\/biblioteca.ikiam.edu.ec\/"},{"@type":"ListItem","position":2,"name":"CALENDARIO DE SUSTENTACI\u00d3N"}]}]}},"_links":{"self":[{"href":"https:\/\/biblioteca.ikiam.edu.ec\/index.php\/wp-json\/wp\/v2\/pages\/30211"}],"collection":[{"href":"https:\/\/biblioteca.ikiam.edu.ec\/index.php\/wp-json\/wp\/v2\/pages"}],"about":[{"href":"https:\/\/biblioteca.ikiam.edu.ec\/index.php\/wp-json\/wp\/v2\/types\/page"}],"author":[{"embeddable":true,"href":"https:\/\/biblioteca.ikiam.edu.ec\/index.php\/wp-json\/wp\/v2\/users\/20"}],"replies":[{"embeddable":true,"href":"https:\/\/biblioteca.ikiam.edu.ec\/index.php\/wp-json\/wp\/v2\/comments?post=30211"}],"version-history":[{"count":5,"href":"https:\/\/biblioteca.ikiam.edu.ec\/index.php\/wp-json\/wp\/v2\/pages\/30211\/revisions"}],"predecessor-version":[{"id":30244,"href":"https:\/\/biblioteca.ikiam.edu.ec\/index.php\/wp-json\/wp\/v2\/pages\/30211\/revisions\/30244"}],"wp:attachment":[{"href":"https:\/\/biblioteca.ikiam.edu.ec\/index.php\/wp-json\/wp\/v2\/media?parent=30211"}],"curies":[{"name":"wp","href":"https:\/\/api.w.org\/{rel}","templated":true}]}}