{"id":27984,"date":"2024-05-06T10:45:51","date_gmt":"2024-05-06T10:45:51","guid":{"rendered":"https:\/\/www.ikiam.edu.ec\/ciredu\/?page_id=27984"},"modified":"2025-10-06T20:56:03","modified_gmt":"2025-10-06T20:56:03","slug":"catalogo-en-linea","status":"publish","type":"page","link":"https:\/\/biblioteca.ikiam.edu.ec\/index.php\/catalogo-en-linea\/","title":{"rendered":"CAT\u00c1LOGO EN L\u00cdNEA"},"content":{"rendered":"\t\t<div data-elementor-type=\"wp-page\" data-elementor-id=\"27984\" class=\"elementor elementor-27984\" data-elementor-settings=\"[]\">\n\t\t\t\t\t\t\t<div class=\"elementor-section-wrap\">\n\t\t\t\t\t\t\t<section class=\"elementor-section elementor-top-section elementor-element elementor-element-0eccade elementor-section-full_width elementor-section-height-min-height elementor-section-stretched elementor-section-height-default elementor-section-items-middle\" data-id=\"0eccade\" data-element_type=\"section\" data-settings=\"{&quot;background_background&quot;:&quot;classic&quot;,&quot;stretch_section&quot;:&quot;section-stretched&quot;}\">\n\t\t\t\t\t\t<div class=\"elementor-container elementor-column-gap-default\">\n\t\t\t\t\t<div class=\"elementor-column elementor-col-50 elementor-top-column elementor-element elementor-element-d5791cd\" data-id=\"d5791cd\" data-element_type=\"column\">\n\t\t\t<div class=\"elementor-widget-wrap elementor-element-populated\">\n\t\t\t\t\t\t\t\t<div class=\"elementor-element elementor-element-2b27c59 elementor-widget elementor-widget-spacer\" data-id=\"2b27c59\" data-element_type=\"widget\" data-widget_type=\"spacer.default\">\n\t\t\t\t<div class=\"elementor-widget-container\">\n\t\t\t\t\t<div class=\"elementor-spacer\">\n\t\t\t<div class=\"elementor-spacer-inner\"><\/div>\n\t\t<\/div>\n\t\t\t\t<\/div>\n\t\t\t\t<\/div>\n\t\t\t\t<div class=\"elementor-element elementor-element-21e517e elementor-widget elementor-widget-heading\" data-id=\"21e517e\" data-element_type=\"widget\" data-widget_type=\"heading.default\">\n\t\t\t\t<div class=\"elementor-widget-container\">\n\t\t\t<style>\/*! elementor - v3.5.6 - 28-02-2022 *\/\n.elementor-heading-title{padding:0;margin:0;line-height:1}.elementor-widget-heading .elementor-heading-title[class*=elementor-size-]>a{color:inherit;font-size:inherit;line-height:inherit}.elementor-widget-heading .elementor-heading-title.elementor-size-small{font-size:15px}.elementor-widget-heading .elementor-heading-title.elementor-size-medium{font-size:19px}.elementor-widget-heading .elementor-heading-title.elementor-size-large{font-size:29px}.elementor-widget-heading .elementor-heading-title.elementor-size-xl{font-size:39px}.elementor-widget-heading .elementor-heading-title.elementor-size-xxl{font-size:59px}<\/style><h2 class=\"elementor-heading-title elementor-size-medium\">Cat\u00e1logo<br><b> en l\u00ednea<\/b><\/h2>\t\t<\/div>\n\t\t\t\t<\/div>\n\t\t\t\t\t<\/div>\n\t\t<\/div>\n\t\t\t\t<div class=\"elementor-column elementor-col-50 elementor-top-column elementor-element elementor-element-1c89a56\" data-id=\"1c89a56\" data-element_type=\"column\">\n\t\t\t<div class=\"elementor-widget-wrap\">\n\t\t\t\t\t\t\t\t\t<\/div>\n\t\t<\/div>\n\t\t\t\t\t\t\t<\/div>\n\t\t<\/section>\n\t\t\t\t<section class=\"elementor-section elementor-top-section elementor-element elementor-element-4be1159 elementor-section-boxed elementor-section-height-default elementor-section-height-default\" data-id=\"4be1159\" data-element_type=\"section\">\n\t\t\t\t\t\t<div class=\"elementor-container elementor-column-gap-default\">\n\t\t\t\t\t<div class=\"elementor-column elementor-col-33 elementor-top-column elementor-element elementor-element-6fbff4d\" data-id=\"6fbff4d\" data-element_type=\"column\">\n\t\t\t<div class=\"elementor-widget-wrap elementor-element-populated\">\n\t\t\t\t\t\t\t\t<div class=\"elementor-element elementor-element-3b5dac6 elementor-widget elementor-widget-spacer\" data-id=\"3b5dac6\" data-element_type=\"widget\" data-widget_type=\"spacer.default\">\n\t\t\t\t<div class=\"elementor-widget-container\">\n\t\t\t\t\t<div class=\"elementor-spacer\">\n\t\t\t<div class=\"elementor-spacer-inner\"><\/div>\n\t\t<\/div>\n\t\t\t\t<\/div>\n\t\t\t\t<\/div>\n\t\t\t\t\t<\/div>\n\t\t<\/div>\n\t\t\t\t<div class=\"elementor-column elementor-col-33 elementor-top-column elementor-element elementor-element-fdd902b\" data-id=\"fdd902b\" data-element_type=\"column\">\n\t\t\t<div class=\"elementor-widget-wrap elementor-element-populated\">\n\t\t\t\t\t\t\t\t<div class=\"elementor-element elementor-element-456985d elementor-widget elementor-widget-spacer\" data-id=\"456985d\" data-element_type=\"widget\" data-widget_type=\"spacer.default\">\n\t\t\t\t<div class=\"elementor-widget-container\">\n\t\t\t\t\t<div class=\"elementor-spacer\">\n\t\t\t<div class=\"elementor-spacer-inner\"><\/div>\n\t\t<\/div>\n\t\t\t\t<\/div>\n\t\t\t\t<\/div>\n\t\t\t\t<div class=\"elementor-element elementor-element-3f0cf50 elementor-widget elementor-widget-text-editor\" data-id=\"3f0cf50\" data-element_type=\"widget\" data-widget_type=\"text-editor.default\">\n\t\t\t\t<div class=\"elementor-widget-container\">\n\t\t\t<style>\/*! elementor - v3.5.6 - 28-02-2022 *\/\n.elementor-widget-text-editor.elementor-drop-cap-view-stacked .elementor-drop-cap{background-color:#818a91;color:#fff}.elementor-widget-text-editor.elementor-drop-cap-view-framed .elementor-drop-cap{color:#818a91;border:3px solid;background-color:transparent}.elementor-widget-text-editor:not(.elementor-drop-cap-view-default) .elementor-drop-cap{margin-top:8px}.elementor-widget-text-editor:not(.elementor-drop-cap-view-default) .elementor-drop-cap-letter{width:1em;height:1em}.elementor-widget-text-editor .elementor-drop-cap{float:left;text-align:center;line-height:1;font-size:50px}.elementor-widget-text-editor .elementor-drop-cap-letter{display:inline-block}<\/style>\t\t\t\t<h6 style=\"text-align: left;\">Explora nuestro cat\u00e1logo en l\u00ednea y accede a una gran variedad de recursos disponibles desde cualquier lugar y en cualquier momento.<\/h6>\t\t\t\t\t\t<\/div>\n\t\t\t\t<\/div>\n\t\t\t\t\t<\/div>\n\t\t<\/div>\n\t\t\t\t<div class=\"elementor-column elementor-col-33 elementor-top-column elementor-element elementor-element-08a9a8f\" data-id=\"08a9a8f\" data-element_type=\"column\">\n\t\t\t<div class=\"elementor-widget-wrap\">\n\t\t\t\t\t\t\t\t\t<\/div>\n\t\t<\/div>\n\t\t\t\t\t\t\t<\/div>\n\t\t<\/section>\n\t\t\t\t<section class=\"elementor-section elementor-top-section elementor-element elementor-element-9269d70 elementor-section-boxed elementor-section-height-default elementor-section-height-default\" data-id=\"9269d70\" data-element_type=\"section\">\n\t\t\t\t\t\t<div class=\"elementor-container elementor-column-gap-default\">\n\t\t\t\t\t<div class=\"elementor-column elementor-col-100 elementor-top-column elementor-element elementor-element-9cca024\" data-id=\"9cca024\" data-element_type=\"column\">\n\t\t\t<div class=\"elementor-widget-wrap elementor-element-populated\">\n\t\t\t\t\t\t\t\t<section class=\"elementor-section elementor-inner-section elementor-element elementor-element-49ccaa8 elementor-section-boxed elementor-section-height-default elementor-section-height-default\" data-id=\"49ccaa8\" data-element_type=\"section\">\n\t\t\t\t\t\t<div class=\"elementor-container elementor-column-gap-default\">\n\t\t\t\t\t<div class=\"elementor-column elementor-col-25 elementor-inner-column elementor-element elementor-element-5d746b1\" data-id=\"5d746b1\" data-element_type=\"column\">\n\t\t\t<div class=\"elementor-widget-wrap\">\n\t\t\t\t\t\t\t\t\t<\/div>\n\t\t<\/div>\n\t\t\t\t<div class=\"elementor-column elementor-col-25 elementor-inner-column elementor-element elementor-element-1250a20\" data-id=\"1250a20\" data-element_type=\"column\">\n\t\t\t<div class=\"elementor-widget-wrap elementor-element-populated\">\n\t\t\t\t\t\t\t\t<div class=\"elementor-element elementor-element-5ec1b84 elementor-widget elementor-widget-text-editor\" data-id=\"5ec1b84\" data-element_type=\"widget\" data-widget_type=\"text-editor.default\">\n\t\t\t\t<div class=\"elementor-widget-container\">\n\t\t\t\t\t\t\t<h6 style=\"text-align: left;\">Cat\u00e1logo Universidad Regional Amaz\u00f3nica Ikiam<\/h6>\t\t\t\t\t\t<\/div>\n\t\t\t\t<\/div>\n\t\t\t\t\t<\/div>\n\t\t<\/div>\n\t\t\t\t<div class=\"elementor-column elementor-col-25 elementor-inner-column elementor-element elementor-element-23899a5\" data-id=\"23899a5\" data-element_type=\"column\">\n\t\t\t<div class=\"elementor-widget-wrap elementor-element-populated\">\n\t\t\t\t\t\t\t\t<div class=\"elementor-element elementor-element-dd5f11c elementor-widget elementor-widget-image\" data-id=\"dd5f11c\" data-element_type=\"widget\" data-widget_type=\"image.default\">\n\t\t\t\t<div class=\"elementor-widget-container\">\n\t\t\t<style>\/*! elementor - v3.5.6 - 28-02-2022 *\/\n.elementor-widget-image{text-align:center}.elementor-widget-image a{display:inline-block}.elementor-widget-image a img[src$=\".svg\"]{width:48px}.elementor-widget-image img{vertical-align:middle;display:inline-block}<\/style>\t\t\t\t\t\t\t\t\t\t\t\t\t<a href=\"https:\/\/koha.ikiam.edu.ec\/\" target=\"_blank\">\n\t\t\t\t\t\t\t<img width=\"150\" height=\"150\" src=\"https:\/\/biblioteca.ikiam.edu.ec\/wp-content\/uploads\/2024\/06\/IKIAM.png\" class=\"attachment-thumbnail size-thumbnail\" alt=\"\" loading=\"lazy\" \/>\t\t\t\t\t\t\t\t<\/a>\n\t\t\t\t\t\t\t\t\t\t\t\t\t\t\t<\/div>\n\t\t\t\t<\/div>\n\t\t\t\t\t<\/div>\n\t\t<\/div>\n\t\t\t\t<div class=\"elementor-column elementor-col-25 elementor-inner-column elementor-element elementor-element-535d0d5\" data-id=\"535d0d5\" data-element_type=\"column\">\n\t\t\t<div class=\"elementor-widget-wrap\">\n\t\t\t\t\t\t\t\t\t<\/div>\n\t\t<\/div>\n\t\t\t\t\t\t\t<\/div>\n\t\t<\/section>\n\t\t\t\t\t<\/div>\n\t\t<\/div>\n\t\t\t\t\t\t\t<\/div>\n\t\t<\/section>\n\t\t\t\t<section class=\"elementor-section elementor-top-section elementor-element elementor-element-9513d6a elementor-section-boxed elementor-section-height-default elementor-section-height-default\" data-id=\"9513d6a\" data-element_type=\"section\">\n\t\t\t\t\t\t<div class=\"elementor-container elementor-column-gap-default\">\n\t\t\t\t\t<div class=\"elementor-column elementor-col-100 elementor-top-column elementor-element elementor-element-dcaf46d\" data-id=\"dcaf46d\" data-element_type=\"column\">\n\t\t\t<div class=\"elementor-widget-wrap elementor-element-populated\">\n\t\t\t\t\t\t\t\t<section class=\"elementor-section elementor-inner-section elementor-element elementor-element-ddf36ff elementor-section-boxed elementor-section-height-default elementor-section-height-default\" data-id=\"ddf36ff\" data-element_type=\"section\">\n\t\t\t\t\t\t<div class=\"elementor-container elementor-column-gap-default\">\n\t\t\t\t\t<div class=\"elementor-column elementor-col-25 elementor-inner-column elementor-element elementor-element-dd100db\" data-id=\"dd100db\" data-element_type=\"column\">\n\t\t\t<div class=\"elementor-widget-wrap\">\n\t\t\t\t\t\t\t\t\t<\/div>\n\t\t<\/div>\n\t\t\t\t<div class=\"elementor-column elementor-col-25 elementor-inner-column elementor-element elementor-element-371eb82\" data-id=\"371eb82\" data-element_type=\"column\">\n\t\t\t<div class=\"elementor-widget-wrap elementor-element-populated\">\n\t\t\t\t\t\t\t\t<div class=\"elementor-element elementor-element-c1ac3e4 elementor-widget elementor-widget-text-editor\" data-id=\"c1ac3e4\" data-element_type=\"widget\" data-widget_type=\"text-editor.default\">\n\t\t\t\t<div class=\"elementor-widget-container\">\n\t\t\t\t\t\t\t<h6>Red ecuatoriana de bibliotecas universitarias y escuelas polit\u00e9cnicas<\/h6>\t\t\t\t\t\t<\/div>\n\t\t\t\t<\/div>\n\t\t\t\t\t<\/div>\n\t\t<\/div>\n\t\t\t\t<div class=\"elementor-column elementor-col-25 elementor-inner-column elementor-element elementor-element-7f38bba\" data-id=\"7f38bba\" data-element_type=\"column\">\n\t\t\t<div class=\"elementor-widget-wrap elementor-element-populated\">\n\t\t\t\t\t\t\t\t<div class=\"elementor-element elementor-element-f505ac2 elementor-widget elementor-widget-image\" data-id=\"f505ac2\" data-element_type=\"widget\" data-widget_type=\"image.default\">\n\t\t\t\t<div class=\"elementor-widget-container\">\n\t\t\t\t\t\t\t\t\t\t\t\t\t\t\t\t<a href=\"https:\/\/www.rebuep.net\/\" target=\"_blank\">\n\t\t\t\t\t\t\t<img width=\"150\" height=\"150\" src=\"https:\/\/biblioteca.ikiam.edu.ec\/wp-content\/uploads\/2024\/05\/REBUEP_Mesa-de-trabajo-1.png\" class=\"attachment-thumbnail size-thumbnail\" alt=\"\" loading=\"lazy\" \/>\t\t\t\t\t\t\t\t<\/a>\n\t\t\t\t\t\t\t\t\t\t\t\t\t\t\t<\/div>\n\t\t\t\t<\/div>\n\t\t\t\t\t<\/div>\n\t\t<\/div>\n\t\t\t\t<div class=\"elementor-column elementor-col-25 elementor-inner-column elementor-element elementor-element-78ed0ac\" data-id=\"78ed0ac\" data-element_type=\"column\">\n\t\t\t<div class=\"elementor-widget-wrap\">\n\t\t\t\t\t\t\t\t\t<\/div>\n\t\t<\/div>\n\t\t\t\t\t\t\t<\/div>\n\t\t<\/section>\n\t\t\t\t\t<\/div>\n\t\t<\/div>\n\t\t\t\t\t\t\t<\/div>\n\t\t<\/section>\n\t\t\t\t<section class=\"elementor-section elementor-top-section elementor-element elementor-element-12375dd elementor-section-boxed elementor-section-height-default elementor-section-height-default\" data-id=\"12375dd\" data-element_type=\"section\">\n\t\t\t\t\t\t<div class=\"elementor-container elementor-column-gap-default\">\n\t\t\t\t\t<div class=\"elementor-column elementor-col-100 elementor-top-column elementor-element elementor-element-f950a79\" data-id=\"f950a79\" data-element_type=\"column\">\n\t\t\t<div class=\"elementor-widget-wrap elementor-element-populated\">\n\t\t\t\t\t\t\t\t<section class=\"elementor-section elementor-inner-section elementor-element elementor-element-0cc067c elementor-section-boxed elementor-section-height-default elementor-section-height-default\" data-id=\"0cc067c\" data-element_type=\"section\">\n\t\t\t\t\t\t<div class=\"elementor-container elementor-column-gap-default\">\n\t\t\t\t\t<div class=\"elementor-column elementor-col-25 elementor-inner-column elementor-element elementor-element-b855910\" data-id=\"b855910\" data-element_type=\"column\">\n\t\t\t<div class=\"elementor-widget-wrap\">\n\t\t\t\t\t\t\t\t\t<\/div>\n\t\t<\/div>\n\t\t\t\t<div class=\"elementor-column elementor-col-25 elementor-inner-column elementor-element elementor-element-3fdb439\" data-id=\"3fdb439\" data-element_type=\"column\">\n\t\t\t<div class=\"elementor-widget-wrap elementor-element-populated\">\n\t\t\t\t\t\t\t\t<div class=\"elementor-element elementor-element-7a061da elementor-widget elementor-widget-text-editor\" data-id=\"7a061da\" data-element_type=\"widget\" data-widget_type=\"text-editor.default\">\n\t\t\t\t<div class=\"elementor-widget-container\">\n\t\t\t\t\t\t\t<h6>Red de bibliotecas acad\u00e9micas de Am\u00e9rica Latina y el Caribe<\/h6>\t\t\t\t\t\t<\/div>\n\t\t\t\t<\/div>\n\t\t\t\t\t<\/div>\n\t\t<\/div>\n\t\t\t\t<div class=\"elementor-column elementor-col-25 elementor-inner-column elementor-element elementor-element-6b38900\" data-id=\"6b38900\" data-element_type=\"column\">\n\t\t\t<div class=\"elementor-widget-wrap elementor-element-populated\">\n\t\t\t\t\t\t\t\t<div class=\"elementor-element elementor-element-559c9ad elementor-widget elementor-widget-image\" data-id=\"559c9ad\" data-element_type=\"widget\" data-widget_type=\"image.default\">\n\t\t\t\t<div class=\"elementor-widget-container\">\n\t\t\t\t\t\t\t\t\t\t\t\t\t\t\t\t<a href=\"https:\/\/itmstrial.libsteps.com\/UDUAL\/index.php\/default_search\" target=\"_blank\">\n\t\t\t\t\t\t\t<img width=\"150\" height=\"150\" src=\"https:\/\/biblioteca.ikiam.edu.ec\/wp-content\/uploads\/2024\/05\/REDBAALC_Mesa-de-trabajo-1.png\" class=\"attachment-thumbnail size-thumbnail\" alt=\"\" loading=\"lazy\" \/>\t\t\t\t\t\t\t\t<\/a>\n\t\t\t\t\t\t\t\t\t\t\t\t\t\t\t<\/div>\n\t\t\t\t<\/div>\n\t\t\t\t\t<\/div>\n\t\t<\/div>\n\t\t\t\t<div class=\"elementor-column elementor-col-25 elementor-inner-column elementor-element elementor-element-b51668b\" data-id=\"b51668b\" data-element_type=\"column\">\n\t\t\t<div class=\"elementor-widget-wrap\">\n\t\t\t\t\t\t\t\t\t<\/div>\n\t\t<\/div>\n\t\t\t\t\t\t\t<\/div>\n\t\t<\/section>\n\t\t\t\t\t<\/div>\n\t\t<\/div>\n\t\t\t\t\t\t\t<\/div>\n\t\t<\/section>\n\t\t\t\t\t\t<\/div>\n\t\t\t\t\t<\/div>\n\t\t","protected":false},"excerpt":{"rendered":"<p>Cat\u00e1logo en l\u00ednea Explora nuestro cat\u00e1logo en l\u00ednea y accede a una gran variedad de recursos disponibles desde cualquier lugar y en cualquier momento. Cat\u00e1logo Universidad Regional Amaz\u00f3nica Ikiam Red ecuatoriana de bibliotecas universitarias y escuelas polit\u00e9cnicas Red de bibliotecas acad\u00e9micas de Am\u00e9rica Latina y el Caribe<\/p>\n","protected":false},"author":18,"featured_media":0,"parent":0,"menu_order":0,"comment_status":"closed","ping_status":"closed","template":"elementor_header_footer","meta":[],"yoast_head":"<!-- This site is optimized with the Yoast SEO plugin v18.8 - https:\/\/yoast.com\/wordpress\/plugins\/seo\/ -->\n<title>CAT\u00c1LOGO EN L\u00cdNEA - CENTRO DE SERVICIOS BIBLIOTECARIOS UNIVERSIDAD REGIONAL AMAZ\u00d3NICA IKIAM<\/title>\n<meta name=\"description\" content=\"X CONGRESO INTERNACIONAL DE INVESTIGACI\u00d3N DE LA RED ECUATORIANA DEUNIVERSIDADES Y ESCUELAS POLIT\u00c9CNICAS PARA INVESTIGACI\u00d3N Y POSGRADO.\" \/>\n<meta name=\"robots\" content=\"index, follow, max-snippet:-1, max-image-preview:large, max-video-preview:-1\" \/>\n<link rel=\"canonical\" href=\"https:\/\/biblioteca.ikiam.edu.ec\/index.php\/catalogo-en-linea\/\" \/>\n<meta property=\"og:locale\" content=\"es_ES\" \/>\n<meta property=\"og:type\" content=\"article\" \/>\n<meta property=\"og:title\" content=\"CAT\u00c1LOGO EN L\u00cdNEA - CENTRO DE SERVICIOS BIBLIOTECARIOS UNIVERSIDAD REGIONAL AMAZ\u00d3NICA IKIAM\" \/>\n<meta property=\"og:description\" content=\"X CONGRESO INTERNACIONAL DE INVESTIGACI\u00d3N DE LA RED ECUATORIANA DEUNIVERSIDADES Y ESCUELAS POLIT\u00c9CNICAS PARA INVESTIGACI\u00d3N Y POSGRADO.\" \/>\n<meta property=\"og:url\" content=\"https:\/\/biblioteca.ikiam.edu.ec\/index.php\/catalogo-en-linea\/\" \/>\n<meta property=\"og:site_name\" content=\"CENTRO DE SERVICIOS BIBLIOTECARIOS UNIVERSIDAD REGIONAL AMAZ\u00d3NICA IKIAM\" \/>\n<meta property=\"article:publisher\" content=\"https:\/\/www.facebook.com\/IkiamOficial\/\" \/>\n<meta property=\"article:modified_time\" content=\"2025-10-06T20:56:03+00:00\" \/>\n<meta property=\"og:image\" content=\"https:\/\/biblioteca.ikiam.edu.ec\/wp-content\/uploads\/2024\/06\/IKIAM.png\" \/>\n<meta name=\"twitter:card\" content=\"summary_large_image\" \/>\n<meta name=\"twitter:site\" content=\"@u_ikiam\" \/>\n<meta name=\"twitter:label1\" content=\"Tiempo de lectura\" \/>\n\t<meta name=\"twitter:data1\" content=\"1 minuto\" \/>\n<script type=\"application\/ld+json\" class=\"yoast-schema-graph\">{\"@context\":\"https:\/\/schema.org\",\"@graph\":[{\"@type\":\"Organization\",\"@id\":\"https:\/\/biblioteca.ikiam.edu.ec\/#organization\",\"name\":\"Universidad Regional Amaz\u00f3nica Ikiam\",\"url\":\"https:\/\/biblioteca.ikiam.edu.ec\/\",\"sameAs\":[\"https:\/\/www.facebook.com\/IkiamOficial\/\",\"https:\/\/www.instagram.com\/u_ikiam\/\",\"https:\/\/www.youtube.com\/channel\/UCOnWPlWTfhNG6gjtN6anDtQ\",\"https:\/\/twitter.com\/u_ikiam\"],\"logo\":{\"@type\":\"ImageObject\",\"inLanguage\":\"es\",\"@id\":\"https:\/\/biblioteca.ikiam.edu.ec\/#\/schema\/logo\/image\/\",\"url\":\"https:\/\/web.ikiam.edu.ec\/wp-content\/uploads\/2021\/12\/logo-ikiam2.png\",\"contentUrl\":\"https:\/\/web.ikiam.edu.ec\/wp-content\/uploads\/2021\/12\/logo-ikiam2.png\",\"width\":300,\"height\":130,\"caption\":\"Universidad Regional Amaz\u00f3nica Ikiam\"},\"image\":{\"@id\":\"https:\/\/biblioteca.ikiam.edu.ec\/#\/schema\/logo\/image\/\"}},{\"@type\":\"WebSite\",\"@id\":\"https:\/\/biblioteca.ikiam.edu.ec\/#website\",\"url\":\"https:\/\/biblioteca.ikiam.edu.ec\/\",\"name\":\"CENTRO DE SERVICIOS BIBLIOTECARIOS UNIVERSIDAD REGIONAL AMAZ\u00d3NICA IKIAM\",\"description\":\"\",\"publisher\":{\"@id\":\"https:\/\/biblioteca.ikiam.edu.ec\/#organization\"},\"potentialAction\":[{\"@type\":\"SearchAction\",\"target\":{\"@type\":\"EntryPoint\",\"urlTemplate\":\"https:\/\/biblioteca.ikiam.edu.ec\/?s={search_term_string}\"},\"query-input\":\"required name=search_term_string\"}],\"inLanguage\":\"es\"},{\"@type\":\"ImageObject\",\"inLanguage\":\"es\",\"@id\":\"https:\/\/biblioteca.ikiam.edu.ec\/index.php\/catalogo-en-linea\/#primaryimage\",\"url\":\"https:\/\/biblioteca.ikiam.edu.ec\/wp-content\/uploads\/2024\/06\/IKIAM.png\",\"contentUrl\":\"https:\/\/biblioteca.ikiam.edu.ec\/wp-content\/uploads\/2024\/06\/IKIAM.png\",\"width\":188,\"height\":188},{\"@type\":\"WebPage\",\"@id\":\"https:\/\/biblioteca.ikiam.edu.ec\/index.php\/catalogo-en-linea\/#webpage\",\"url\":\"https:\/\/biblioteca.ikiam.edu.ec\/index.php\/catalogo-en-linea\/\",\"name\":\"CAT\u00c1LOGO EN L\u00cdNEA - CENTRO DE SERVICIOS BIBLIOTECARIOS UNIVERSIDAD REGIONAL AMAZ\u00d3NICA IKIAM\",\"isPartOf\":{\"@id\":\"https:\/\/biblioteca.ikiam.edu.ec\/#website\"},\"primaryImageOfPage\":{\"@id\":\"https:\/\/biblioteca.ikiam.edu.ec\/index.php\/catalogo-en-linea\/#primaryimage\"},\"datePublished\":\"2024-05-06T10:45:51+00:00\",\"dateModified\":\"2025-10-06T20:56:03+00:00\",\"description\":\"X CONGRESO INTERNACIONAL DE INVESTIGACI\u00d3N DE LA RED ECUATORIANA DEUNIVERSIDADES Y ESCUELAS POLIT\u00c9CNICAS PARA INVESTIGACI\u00d3N Y POSGRADO.\",\"breadcrumb\":{\"@id\":\"https:\/\/biblioteca.ikiam.edu.ec\/index.php\/catalogo-en-linea\/#breadcrumb\"},\"inLanguage\":\"es\",\"potentialAction\":[{\"@type\":\"ReadAction\",\"target\":[\"https:\/\/biblioteca.ikiam.edu.ec\/index.php\/catalogo-en-linea\/\"]}]},{\"@type\":\"BreadcrumbList\",\"@id\":\"https:\/\/biblioteca.ikiam.edu.ec\/index.php\/catalogo-en-linea\/#breadcrumb\",\"itemListElement\":[{\"@type\":\"ListItem\",\"position\":1,\"name\":\"Biblioteca\",\"item\":\"https:\/\/biblioteca.ikiam.edu.ec\/\"},{\"@type\":\"ListItem\",\"position\":2,\"name\":\"CAT\u00c1LOGO EN L\u00cdNEA\"}]}]}<\/script>\n<!-- \/ Yoast SEO plugin. -->","yoast_head_json":{"title":"CAT\u00c1LOGO EN L\u00cdNEA - CENTRO DE SERVICIOS BIBLIOTECARIOS UNIVERSIDAD REGIONAL AMAZ\u00d3NICA IKIAM","description":"X CONGRESO INTERNACIONAL DE INVESTIGACI\u00d3N DE LA RED ECUATORIANA DEUNIVERSIDADES Y ESCUELAS POLIT\u00c9CNICAS PARA INVESTIGACI\u00d3N Y POSGRADO.","robots":{"index":"index","follow":"follow","max-snippet":"max-snippet:-1","max-image-preview":"max-image-preview:large","max-video-preview":"max-video-preview:-1"},"canonical":"https:\/\/biblioteca.ikiam.edu.ec\/index.php\/catalogo-en-linea\/","og_locale":"es_ES","og_type":"article","og_title":"CAT\u00c1LOGO EN L\u00cdNEA - CENTRO DE SERVICIOS BIBLIOTECARIOS UNIVERSIDAD REGIONAL AMAZ\u00d3NICA IKIAM","og_description":"X CONGRESO INTERNACIONAL DE INVESTIGACI\u00d3N DE LA RED ECUATORIANA DEUNIVERSIDADES Y ESCUELAS POLIT\u00c9CNICAS PARA INVESTIGACI\u00d3N Y POSGRADO.","og_url":"https:\/\/biblioteca.ikiam.edu.ec\/index.php\/catalogo-en-linea\/","og_site_name":"CENTRO DE SERVICIOS BIBLIOTECARIOS UNIVERSIDAD REGIONAL AMAZ\u00d3NICA IKIAM","article_publisher":"https:\/\/www.facebook.com\/IkiamOficial\/","article_modified_time":"2025-10-06T20:56:03+00:00","og_image":[{"url":"https:\/\/biblioteca.ikiam.edu.ec\/wp-content\/uploads\/2024\/06\/IKIAM.png"}],"twitter_card":"summary_large_image","twitter_site":"@u_ikiam","twitter_misc":{"Tiempo de lectura":"1 minuto"},"schema":{"@context":"https:\/\/schema.org","@graph":[{"@type":"Organization","@id":"https:\/\/biblioteca.ikiam.edu.ec\/#organization","name":"Universidad Regional Amaz\u00f3nica Ikiam","url":"https:\/\/biblioteca.ikiam.edu.ec\/","sameAs":["https:\/\/www.facebook.com\/IkiamOficial\/","https:\/\/www.instagram.com\/u_ikiam\/","https:\/\/www.youtube.com\/channel\/UCOnWPlWTfhNG6gjtN6anDtQ","https:\/\/twitter.com\/u_ikiam"],"logo":{"@type":"ImageObject","inLanguage":"es","@id":"https:\/\/biblioteca.ikiam.edu.ec\/#\/schema\/logo\/image\/","url":"https:\/\/web.ikiam.edu.ec\/wp-content\/uploads\/2021\/12\/logo-ikiam2.png","contentUrl":"https:\/\/web.ikiam.edu.ec\/wp-content\/uploads\/2021\/12\/logo-ikiam2.png","width":300,"height":130,"caption":"Universidad Regional Amaz\u00f3nica Ikiam"},"image":{"@id":"https:\/\/biblioteca.ikiam.edu.ec\/#\/schema\/logo\/image\/"}},{"@type":"WebSite","@id":"https:\/\/biblioteca.ikiam.edu.ec\/#website","url":"https:\/\/biblioteca.ikiam.edu.ec\/","name":"CENTRO DE SERVICIOS BIBLIOTECARIOS UNIVERSIDAD REGIONAL AMAZ\u00d3NICA IKIAM","description":"","publisher":{"@id":"https:\/\/biblioteca.ikiam.edu.ec\/#organization"},"potentialAction":[{"@type":"SearchAction","target":{"@type":"EntryPoint","urlTemplate":"https:\/\/biblioteca.ikiam.edu.ec\/?s={search_term_string}"},"query-input":"required name=search_term_string"}],"inLanguage":"es"},{"@type":"ImageObject","inLanguage":"es","@id":"https:\/\/biblioteca.ikiam.edu.ec\/index.php\/catalogo-en-linea\/#primaryimage","url":"https:\/\/biblioteca.ikiam.edu.ec\/wp-content\/uploads\/2024\/06\/IKIAM.png","contentUrl":"https:\/\/biblioteca.ikiam.edu.ec\/wp-content\/uploads\/2024\/06\/IKIAM.png","width":188,"height":188},{"@type":"WebPage","@id":"https:\/\/biblioteca.ikiam.edu.ec\/index.php\/catalogo-en-linea\/#webpage","url":"https:\/\/biblioteca.ikiam.edu.ec\/index.php\/catalogo-en-linea\/","name":"CAT\u00c1LOGO EN L\u00cdNEA - CENTRO DE SERVICIOS BIBLIOTECARIOS UNIVERSIDAD REGIONAL AMAZ\u00d3NICA IKIAM","isPartOf":{"@id":"https:\/\/biblioteca.ikiam.edu.ec\/#website"},"primaryImageOfPage":{"@id":"https:\/\/biblioteca.ikiam.edu.ec\/index.php\/catalogo-en-linea\/#primaryimage"},"datePublished":"2024-05-06T10:45:51+00:00","dateModified":"2025-10-06T20:56:03+00:00","description":"X CONGRESO INTERNACIONAL DE INVESTIGACI\u00d3N DE LA RED ECUATORIANA DEUNIVERSIDADES Y ESCUELAS POLIT\u00c9CNICAS PARA INVESTIGACI\u00d3N Y POSGRADO.","breadcrumb":{"@id":"https:\/\/biblioteca.ikiam.edu.ec\/index.php\/catalogo-en-linea\/#breadcrumb"},"inLanguage":"es","potentialAction":[{"@type":"ReadAction","target":["https:\/\/biblioteca.ikiam.edu.ec\/index.php\/catalogo-en-linea\/"]}]},{"@type":"BreadcrumbList","@id":"https:\/\/biblioteca.ikiam.edu.ec\/index.php\/catalogo-en-linea\/#breadcrumb","itemListElement":[{"@type":"ListItem","position":1,"name":"Biblioteca","item":"https:\/\/biblioteca.ikiam.edu.ec\/"},{"@type":"ListItem","position":2,"name":"CAT\u00c1LOGO EN L\u00cdNEA"}]}]}},"_links":{"self":[{"href":"https:\/\/biblioteca.ikiam.edu.ec\/index.php\/wp-json\/wp\/v2\/pages\/27984"}],"collection":[{"href":"https:\/\/biblioteca.ikiam.edu.ec\/index.php\/wp-json\/wp\/v2\/pages"}],"about":[{"href":"https:\/\/biblioteca.ikiam.edu.ec\/index.php\/wp-json\/wp\/v2\/types\/page"}],"author":[{"embeddable":true,"href":"https:\/\/biblioteca.ikiam.edu.ec\/index.php\/wp-json\/wp\/v2\/users\/18"}],"replies":[{"embeddable":true,"href":"https:\/\/biblioteca.ikiam.edu.ec\/index.php\/wp-json\/wp\/v2\/comments?post=27984"}],"version-history":[{"count":102,"href":"https:\/\/biblioteca.ikiam.edu.ec\/index.php\/wp-json\/wp\/v2\/pages\/27984\/revisions"}],"predecessor-version":[{"id":30316,"href":"https:\/\/biblioteca.ikiam.edu.ec\/index.php\/wp-json\/wp\/v2\/pages\/27984\/revisions\/30316"}],"wp:attachment":[{"href":"https:\/\/biblioteca.ikiam.edu.ec\/index.php\/wp-json\/wp\/v2\/media?parent=27984"}],"curies":[{"name":"wp","href":"https:\/\/api.w.org\/{rel}","templated":true}]}}